{"id":16,"date":"2016-08-02T12:49:40","date_gmt":"2016-08-02T10:49:40","guid":{"rendered":"http:\/\/rod.mciir.bydgoszcz.pl\/?page_id=16"},"modified":"2023-12-29T13:20:15","modified_gmt":"2023-12-29T12:20:15","slug":"kontakt","status":"publish","type":"page","link":"https:\/\/rodkauczuk.pl\/index.php\/kontakt\/","title":{"rendered":"Kontakt"},"content":{"rendered":"<p><span style=\"color: #444444; font-family: arial, helvetica, sans-serif; font-size: 14px;\"><b>Polski Zwi\u0105zek Dzia\u0142kowc\u00f3w <\/b><\/span><\/p>\n<p><span style=\"color: #444444; font-family: arial, helvetica, sans-serif; font-size: 14px;\"><b>Rodzinny Ogr\u00f3d Dzia\u0142kowy &#8222;Kauczuk&#8221;<\/b><\/span><\/p>\n<p><span style=\"color: #444444; font-family: arial, helvetica, sans-serif; font-size: 14px;\"><b> ul. Sporna 6 85-715 Bydgoszcz <\/b><\/span><\/p>\n<p><span style=\"color: #444444; font-family: arial, helvetica, sans-serif; font-size: 14px;\"><b>NIP 9531391133 <\/b><\/span><\/p>\n<p><span style=\"color: #444444; font-family: arial, helvetica, sans-serif; font-size: 14px;\"><b>Numer Rachunku Bankowego: 18 8142 0007 0000 1371 2000 0002<\/b><\/span><\/p>\n<p><span style=\"color: #444444; font-family: arial, helvetica, sans-serif; font-size: 14px;\"><b>Kontakt telefoniczny: <span style=\"text-decoration: underline;\">780 112 754<\/span>, adres poczty email: <a href=\"mailto:biuro@rodkauczuk.pl\"><span style=\"text-decoration: underline;\">biuro@rodkauczuk.pl<\/span><\/a><\/b><\/span><\/p>\n","protected":false},"excerpt":{"rendered":"<p>Polski Zwi\u0105zek Dzia\u0142kowc\u00f3w Rodzinny Ogr\u00f3d Dzia\u0142kowy &#8222;Kauczuk&#8221; ul. Sporna 6 85-715 Bydgoszcz NIP 9531391133 Numer Rachunku Bankowego: 18 8142 0007 0000 1371 2000 0002 Kontakt telefoniczny: 780 112 754, adres poczty email: biuro@rodkauczuk.pl<\/p>\n","protected":false},"author":3,"featured_media":0,"parent":0,"menu_order":0,"comment_status":"closed","ping_status":"closed","template":"","meta":{"footnotes":""},"class_list":["post-16","page","type-page","status-publish","hentry"],"_links":{"self":[{"href":"https:\/\/rodkauczuk.pl\/index.php\/wp-json\/wp\/v2\/pages\/16","targetHints":{"allow":["GET"]}}],"collection":[{"href":"https:\/\/rodkauczuk.pl\/index.php\/wp-json\/wp\/v2\/pages"}],"about":[{"href":"https:\/\/rodkauczuk.pl\/index.php\/wp-json\/wp\/v2\/types\/page"}],"author":[{"embeddable":true,"href":"https:\/\/rodkauczuk.pl\/index.php\/wp-json\/wp\/v2\/users\/3"}],"replies":[{"embeddable":true,"href":"https:\/\/rodkauczuk.pl\/index.php\/wp-json\/wp\/v2\/comments?post=16"}],"version-history":[{"count":14,"href":"https:\/\/rodkauczuk.pl\/index.php\/wp-json\/wp\/v2\/pages\/16\/revisions"}],"predecessor-version":[{"id":1122,"href":"https:\/\/rodkauczuk.pl\/index.php\/wp-json\/wp\/v2\/pages\/16\/revisions\/1122"}],"wp:attachment":[{"href":"https:\/\/rodkauczuk.pl\/index.php\/wp-json\/wp\/v2\/media?parent=16"}],"curies":[{"name":"wp","href":"https:\/\/api.w.org\/{rel}","templated":true}]}}